{"id":2205,"date":"2022-09-29T00:56:40","date_gmt":"2022-09-29T00:56:40","guid":{"rendered":"https:\/\/demo.7iquid.com\/carmelina\/?page_id=2205"},"modified":"2025-09-03T16:36:23","modified_gmt":"2025-09-03T13:36:23","slug":"pulmad","status":"publish","type":"page","link":"https:\/\/voorepuhkekeskus.ee\/en\/pulmad\/","title":{"rendered":"Weddings"},"content":{"rendered":"<div data-elementor-type=\"wp-page\" data-elementor-id=\"2205\" class=\"elementor elementor-2205\">\n\t\t\t\t        <section class=\"elementor-section elementor-top-section elementor-element elementor-element-379f488 elementor-section-full_width elementor-section-content-middle elementor-reverse-tablet elementor-reverse-mobile_extra elementor-reverse-mobile elementor-section-height-default elementor-section-height-default pxl-section-offset-none pxl-section-static-pos-no pxl-section-overflow-hidden-no pxl-container-margin-auto-no\" data-id=\"379f488\" data-element_type=\"section\" data-e-type=\"section\" data-settings=\"{&quot;background_background&quot;:&quot;classic&quot;}\">\n\n                \n                <div class=\"elementor-container elementor-column-gap-no\">\n                <div class=\"elementor-column elementor-col-50 elementor-top-column elementor-element elementor-element-85d120d pxl-column-overflow-hidden-yes col-offset-none pxl-column-element-default pxl-pll-transform\" data-id=\"85d120d\" data-element_type=\"column\" data-e-type=\"column\" data-settings=\"{&quot;background_background&quot;:&quot;classic&quot;}\">\r\n        <div class=\"elementor-widget-wrap\">\r\n            <div class=\"pxl-column-bg-parallax-outer\"><div class=\"pxl-column-bg-parallax\" data-parallax=\"{&quot;scale&quot;:1.1}\"><\/div><\/div>                            <\/div>\r\n        <\/div>\r\n                <div class=\"elementor-column elementor-col-50 elementor-top-column elementor-element elementor-element-2508ca6 col-offset-none pxl-column-element-default pxl-pll-transform pxl-column-overflow-hidden-no\" data-id=\"2508ca6\" data-element_type=\"column\" data-e-type=\"column\" data-settings=\"{&quot;background_background&quot;:&quot;classic&quot;}\">\r\n        <div class=\"elementor-widget-wrap elementor-element-populated\">\r\n            <div class=\"pxl-column-bg-parallax-outer\"><div class=\"pxl-column-bg-parallax\" data-parallax=\"{&quot;x&quot;:-50}\"><\/div><\/div>        \t\t<div class=\"elementor-element elementor-element-86c8248 elementor-widget__width-auto elementor-invisible pxl-elementor-animate elementor-widget elementor-widget-pxl_svg_icon\" data-id=\"86c8248\" data-element_type=\"widget\" data-e-type=\"widget\" data-settings=\"{&quot;_animation&quot;:&quot;zoomIn&quot;}\" data-widget_type=\"pxl_svg_icon.default\">\n\t\t\t\t<div class=\"elementor-widget-container\">\n\t\t\t\t\t    <div class=\"pxl-svg-icon d-flex relative default\">\r\n        <div class=\"icon-svg-inner relative\">\r\n            <img decoding=\"async\" class=\"image-svg\" src=\"https:\/\/voorepuhkekeskus.ee\/wp-content\/uploads\/2022\/09\/wedding-rings.svg\">            <div class=\"pxl-svg-img pxl-absoluted\"><\/div>\r\n                    <\/div>\r\n    <\/div>\r\n\t\t\t\t<\/div>\n\t\t\t\t<\/div>\n\t\t\t\t<div class=\"elementor-element elementor-element-82a29b9 elementor-invisible pxl-elementor-animate elementor-widget elementor-widget-pxl_heading\" data-id=\"82a29b9\" data-element_type=\"widget\" data-e-type=\"widget\" data-settings=\"{&quot;_animation&quot;:&quot;fadeInUp&quot;,&quot;title_custom_effect&quot;:&quot;none&quot;}\" data-widget_type=\"pxl_heading.default\">\n\t\t\t\t<div class=\"elementor-widget-container\">\n\t\t\t\t\t<div class=\"pxl-heading-wrap d-flex\">\n    <div class=\"pxl-heading-inner center\">\n                <h2 class=\"heading-title\">\n                                    Enjoy the most beautiful day of your life.                     <\/h2>\n            <\/div>\n<\/div>\n\n\t\t\t\t<\/div>\n\t\t\t\t<\/div>\n\t\t\t\t<div class=\"elementor-element elementor-element-380e97f elementor-invisible pxl-elementor-animate elementor-widget elementor-widget-pxl_text_editor\" data-id=\"380e97f\" data-element_type=\"widget\" data-e-type=\"widget\" data-settings=\"{&quot;_animation&quot;:&quot;fadeInUp&quot;}\" data-widget_type=\"pxl_text_editor.default\">\n\t\t\t\t<div class=\"elementor-widget-container\">\n\t\t\t\t\t<div id=\"pxl_text_editor-380e97f-6251\" class=\"pxl-text-editor-wrap d-flex\" >\n\t<div class=\"pxl-text-editor elementor-clearfix\">\n\t\t<p class=\"translation-block\">The experienced team at Voore Event Center takes care of both  <strong>classic outdoor weddings<\/strong> and  <strong>festive receptions<\/strong> ensuring that every detail is worthy of your dream wedding.<\/p><p class=\"translation-block\">At our resort, couples can enjoy a romantic ceremony <strong>outdoors<\/strong> or <strong>indoors.<\/strong> Our picturesque surroundings create a perfect backdrop for <strong>wedding photos.<\/strong><\/p><p class=\"translation-block\">We will help you organize your important day exactly as you have always imagined \u2013 whether it is a <strong>minimalist and private reception<\/strong> or a <strong>grand celebration<\/strong> with all your loved ones.<\/p><p class=\"translation-block\"><strong>Spacious territory, diverse catering,<\/strong> and <strong>accomodation<\/strong> give you the opportunity to enjoy your wedding day without having to worry.<\/p><p class=\"translation-block\">Our <strong>friendly service, natural environment,<\/strong> and <strong>the additional options<\/strong> mentioned above create a perfect whole, that will remain in the hearts of both the newlyweds and the party guests for a long time.<\/p>\t\t\n\t<\/div>\n<\/div>\t\t\t\t<\/div>\n\t\t\t\t<\/div>\n\t\t\t\t<div class=\"elementor-element elementor-element-b65ece0 elementor-align-center elementor-invisible pxl-elementor-animate elementor-widget elementor-widget-pxl_button\" data-id=\"b65ece0\" data-element_type=\"widget\" data-e-type=\"widget\" data-settings=\"{&quot;_animation&quot;:&quot;zoomIn&quot;}\" data-widget_type=\"pxl_button.default\">\n\t\t\t\t<div class=\"elementor-widget-container\">\n\t\t\t\t\t<div id=\"pxl_button-b65ece0-1312\" class=\"pxl-button-wrapper d-flex-wrap pxl-button-layout1\" >\r\n    <a href=\"https:\/\/voorepuhkekeskus.ee\/en\/Majutus\/vooremae-saal\/\" class=\"pxl-btn default icon-ps-right\">\r\n        <span class=\"pxl-button-text\">Learn more<\/span>\r\n            <\/a>\r\n<\/div>\t\t\t\t<\/div>\n\t\t\t\t<\/div>\n\t\t                    <\/div>\r\n        <\/div>\r\n        \t\t\t<\/div>\n\t\t<\/section>\n\t\t        <section class=\"elementor-section elementor-top-section elementor-element elementor-element-8b1a70b elementor-section-full_width pxl-section-offset-left pxl-section-overflow-hidden-yes elementor-section-height-default elementor-section-height-default pxl-container-width-container-1170 pxl-section-static-pos-no pxl-container-margin-auto-no\" data-id=\"8b1a70b\" data-element_type=\"section\" data-e-type=\"section\" data-settings=\"{&quot;background_background&quot;:&quot;classic&quot;}\">\n\n        <div class=\"pxl-section-bg-parallax-outer\"><div class=\"pxl-section-bg-parallax\" data-parallax=\"{&quot;rotateZ&quot;:5}\"><\/div><\/div>        \n                <div class=\"elementor-container elementor-column-gap-default\">\n                <div class=\"elementor-column elementor-col-50 elementor-top-column elementor-element elementor-element-18c583f col-offset-none pxl-column-element-default pxl-column-overflow-hidden-no elementor-invisible pxl-elementor-animate\" data-id=\"18c583f\" data-element_type=\"column\" data-e-type=\"column\" data-settings=\"{&quot;animation&quot;:&quot;fadeInLeft&quot;}\">\r\n        <div class=\"elementor-widget-wrap elementor-element-populated\">\r\n                    \t\t<div class=\"elementor-element elementor-element-69864e9 elementor-widget elementor-widget-pxl_heading\" data-id=\"69864e9\" data-element_type=\"widget\" data-e-type=\"widget\" data-settings=\"{&quot;title_custom_effect&quot;:&quot;none&quot;}\" data-widget_type=\"pxl_heading.default\">\n\t\t\t\t<div class=\"elementor-widget-container\">\n\t\t\t\t\t<div class=\"pxl-heading-wrap d-flex\">\n    <div class=\"pxl-heading-inner\">\n                    <div class=\"heading-subtitle divider-right\">\n                <div class=\"subtitle-text\">Feedback<\/div>\n            <\/div>\n                <h2 class=\"heading-title\">\n                                    Happy newlyweds                     <\/h2>\n            <\/div>\n<\/div>\n\n\t\t\t\t<\/div>\n\t\t\t\t<\/div>\n\t\t\t\t<div class=\"elementor-element elementor-element-990a5bc elementor-widget elementor-widget-pxl_text_editor\" data-id=\"990a5bc\" data-element_type=\"widget\" data-e-type=\"widget\" data-widget_type=\"pxl_text_editor.default\">\n\t\t\t\t<div class=\"elementor-widget-container\">\n\t\t\t\t\t<div id=\"pxl_text_editor-990a5bc-9609\" class=\"pxl-text-editor-wrap d-flex\" >\n\t<div class=\"pxl-text-editor elementor-clearfix\">\n\t\t<p>Not sure about your choice? Check out the feedback from our newlyweds.<\/p>\t\t\n\t<\/div>\n<\/div>\t\t\t\t<\/div>\n\t\t\t\t<\/div>\n\t\t                    <\/div>\r\n        <\/div>\r\n                <div class=\"elementor-column elementor-col-50 elementor-top-column elementor-element elementor-element-b112697 col-offset-none pxl-column-element-default pxl-column-overflow-hidden-no\" data-id=\"b112697\" data-element_type=\"column\" data-e-type=\"column\">\r\n        <div class=\"elementor-widget-wrap elementor-element-populated\">\r\n                    \t\t<div class=\"elementor-element elementor-element-358f86a pxl-testimonial-carousel-layout-1 pxl-swiper-arrows-false pxl-swiper-dots-false pxl-swiper-dots-color-mode-df elementor-widget elementor-widget-pxl_testimonial_carousel\" data-id=\"358f86a\" data-element_type=\"widget\" data-e-type=\"widget\" data-widget_type=\"pxl_testimonial_carousel.default\">\n\t\t\t\t<div class=\"elementor-widget-container\">\n\t\t\t\t\t    <div class=\"pxl-swiper-slider pxl-testimonial-carousel layout-1\">\r\n        <div class=\"slide-wrap relative\">\r\n            <div class=\"pxl-swiper-slider-wrap pxl-carousel-inner overflow-hidden\">\r\n                <div class=\"pxl-swiper-container\" dir=\"ltr\" data-settings=\"{&quot;slide_direction&quot;:&quot;horizontal&quot;,&quot;slide_percolumn&quot;:1,&quot;slide_mode&quot;:&quot;slide&quot;,&quot;slides_to_show_xxl&quot;:2,&quot;slides_to_show&quot;:2,&quot;slides_to_show_lg&quot;:2,&quot;slides_to_show_md&quot;:1,&quot;slides_to_show_sm&quot;:1,&quot;slides_to_show_xs&quot;:1,&quot;slides_to_scroll&quot;:1,&quot;slides_gutter&quot;:30,&quot;dots_style&quot;:&quot;bullets&quot;,&quot;autoplay&quot;:true,&quot;pause_on_hover&quot;:false,&quot;pause_on_interaction&quot;:true,&quot;delay&quot;:10000,&quot;loop&quot;:true,&quot;center_slide&quot;:false,&quot;speed&quot;:500}\">\r\n                    <div class=\"pxl-swiper-wrapper swiper-wrapper\">\r\n                                            <div class=\"pxl-swiper-slide swiper-slide\">\r\n                            <div class=\"item-inner relative\">\r\n                                                                    <div class=\"item-image\">\r\n                                        <span class=\"border\"><\/span>\r\n                                        <img decoding=\"async\" class=\"no-lazyload\" src=\"https:\/\/voorepuhkekeskus.ee\/wp-content\/uploads\/2025\/05\/kodu4-2-scaled-100x100.jpg\" width=\"100\" height=\"100\" alt=\"kodu4\" title=\"kodu4\" \/>                                    <\/div>\r\n                                                                <span class=\"pxl-icon quote-icon pxli pxli-quote3\"><\/span>                                <div class=\"item-content\">\r\n                                    <div class=\"item-desc\">We would like to thank you for organizing a wonderful wedding party! The chefs did a great job and received many compliments from the guests, everything else ran smoothly - we would wholeheartedly recommend Voore Event Center to everyone. The decorators were also up to the task and decorated the room very nicely.<\/div>\r\n                                    <div class=\"item-info d-flex-wrap align-items-center\">\r\n                                        <div class=\"item-name\">Triin & Nils<\/div>\r\n                                        <div class=\"rating-star\"><span style=\"width:100%;\"><\/span><\/div>  \r\n                                    <\/div>\r\n                                <\/div>\r\n                            <\/div>\r\n                        <\/div>\r\n                                            <div class=\"pxl-swiper-slide swiper-slide\">\r\n                            <div class=\"item-inner relative\">\r\n                                                                    <div class=\"item-image\">\r\n                                        <span class=\"border\"><\/span>\r\n                                        <img decoding=\"async\" class=\"no-lazyload\" src=\"https:\/\/voorepuhkekeskus.ee\/wp-content\/uploads\/2025\/05\/pexels-nur-dogan-ulas-48867874-16991296-scaled-100x100.jpg\" width=\"100\" height=\"100\" alt=\"pexels-nur-dogan-ulas-48867874-16991296\" title=\"pexels-nur-dogan-ulas-48867874-16991296\" \/>                                    <\/div>\r\n                                                                <span class=\"pxl-icon quote-icon pxli pxli-quote3\"><\/span>                                <div class=\"item-content\">\r\n                                    <div class=\"item-desc\">Our wedding day at Voore Event Center was truly memorable! We are very satisfied \u2013 the food was delicious and the organization went well. The evening walk in the yard was very pleasant, because the area is large and natural. It was also very convenient that all guests had accommodation \u2013 there are many rooms and everyone was able to rest comfortably. Thank you for the great experience!<\/div>\r\n                                    <div class=\"item-info d-flex-wrap align-items-center\">\r\n                                        <div class=\"item-name\">Kerli & Tarmo<\/div>\r\n                                        <div class=\"rating-star\"><span ><\/span><\/div>  \r\n                                    <\/div>\r\n                                <\/div>\r\n                            <\/div>\r\n                        <\/div>\r\n                                        <\/div>\r\n                <\/div>\r\n            <\/div>\r\n                         \r\n        <\/div>\r\n    <\/div>\r\n\t\t\t\t<\/div>\n\t\t\t\t<\/div>\n\t\t                    <\/div>\r\n        <\/div>\r\n        \t\t\t<\/div>\n\t\t<\/section>\n\t\t\t\t<\/div>","protected":false},"excerpt":{"rendered":"<p>Naudi oma elu kauneimat p\u00e4eva Voore Puhkekeskuse kogenud meeskond hoolitseb nii klassikaliste v\u00e4li\u00fcrituste kui ka pidulike vastuv\u00f5ttude eest, et iga detail oleks sinu unistuse v\u00e4\u00e4riline. Meie puhkekeskuses saavad pidulised nautida romantilist tseremooniat vabas \u00f5hus kui ka siseruumides.\u00a0Meie maaliline \u00fcmbrus loob suurep\u00e4rase tausta pulmapiltidele j\u00e4\u00e4dvustamiseks. Aitame teil kujundada oma t\u00e4htsa p\u00e4eva just selliseks, nagu olete alati [&hellip;]<\/p>\n","protected":false},"author":2,"featured_media":0,"parent":0,"menu_order":0,"comment_status":"closed","ping_status":"closed","template":"","meta":{"footnotes":""},"class_list":["post-2205","page","type-page","status-publish","hentry"],"_links":{"self":[{"href":"https:\/\/voorepuhkekeskus.ee\/en\/wp-json\/wp\/v2\/pages\/2205","targetHints":{"allow":["GET"]}}],"collection":[{"href":"https:\/\/voorepuhkekeskus.ee\/en\/wp-json\/wp\/v2\/pages"}],"about":[{"href":"https:\/\/voorepuhkekeskus.ee\/en\/wp-json\/wp\/v2\/types\/page"}],"author":[{"embeddable":true,"href":"https:\/\/voorepuhkekeskus.ee\/en\/wp-json\/wp\/v2\/users\/2"}],"replies":[{"embeddable":true,"href":"https:\/\/voorepuhkekeskus.ee\/en\/wp-json\/wp\/v2\/comments?post=2205"}],"version-history":[{"count":33,"href":"https:\/\/voorepuhkekeskus.ee\/en\/wp-json\/wp\/v2\/pages\/2205\/revisions"}],"predecessor-version":[{"id":19470,"href":"https:\/\/voorepuhkekeskus.ee\/en\/wp-json\/wp\/v2\/pages\/2205\/revisions\/19470"}],"wp:attachment":[{"href":"https:\/\/voorepuhkekeskus.ee\/en\/wp-json\/wp\/v2\/media?parent=2205"}],"curies":[{"name":"wp","href":"https:\/\/api.w.org\/{rel}","templated":true}]}}