{"id":243,"date":"2022-08-29T04:53:04","date_gmt":"2022-08-29T04:53:04","guid":{"rendered":"https:\/\/demo.7iquid.com\/carmelina\/?page_id=243"},"modified":"2026-03-10T15:25:42","modified_gmt":"2026-03-10T13:25:42","slug":"kontakt","status":"publish","type":"page","link":"https:\/\/voorepuhkekeskus.ee\/en\/kontakt\/","title":{"rendered":"Contact us"},"content":{"rendered":"<div data-elementor-type=\"wp-page\" data-elementor-id=\"243\" class=\"elementor elementor-243\">\n\t\t\t\t        <section class=\"elementor-section elementor-top-section elementor-element elementor-element-114beef elementor-section-full_width elementor-section-content-middle elementor-section-height-default elementor-section-height-default pxl-section-offset-none pxl-section-static-pos-no pxl-section-overflow-hidden-no pxl-container-margin-auto-no\" data-id=\"114beef\" data-element_type=\"section\" data-e-type=\"section\">\n\n                \n                <div class=\"elementor-container elementor-column-gap-no\">\n                <div class=\"elementor-column elementor-col-50 elementor-top-column elementor-element elementor-element-fbd04b9 col-offset-none pxl-column-element-default pxl-column-overflow-hidden-no\" data-id=\"fbd04b9\" data-element_type=\"column\" data-e-type=\"column\">\r\n        <div class=\"elementor-widget-wrap elementor-element-populated\">\r\n                    \t\t<div class=\"elementor-element elementor-element-42244fd elementor-widget elementor-widget-google_maps\" data-id=\"42244fd\" data-element_type=\"widget\" data-e-type=\"widget\" data-widget_type=\"google_maps.default\">\n\t\t\t\t<div class=\"elementor-widget-container\">\n\t\t\t\t\t\t\t<div class=\"elementor-custom-embed\">\n\t\t\t<iframe loading=\"lazy\"\n\t\t\t\t\tsrc=\"https:\/\/www.google.com\/maps\/embed\/v1\/place?key=AIzaSyCUOmKidNl9l0G-RPxBgmSqB1v01_uONNw&#038;q=Voore%20puhkekeskus&#038;zoom=14\"\n\t\t\t\t\ttitle=\"Voore puhkekeskus\"\n\t\t\t\t\taria-label=\"Voore puhkekeskus\"\n\t\t\t><\/iframe>\n\t\t<\/div>\n\t\t\t\t\t\t<\/div>\n\t\t\t\t<\/div>\n\t\t                    <\/div>\r\n        <\/div>\r\n                <div class=\"elementor-column elementor-col-50 elementor-top-column elementor-element elementor-element-2aaea6f col-offset-none pxl-column-element-default pxl-column-overflow-hidden-no\" data-id=\"2aaea6f\" data-element_type=\"column\" data-e-type=\"column\">\r\n        <div class=\"elementor-widget-wrap elementor-element-populated\">\r\n                    \t\t<div class=\"elementor-element elementor-element-058dce7 elementor-invisible pxl-elementor-animate elementor-widget elementor-widget-pxl_heading\" data-id=\"058dce7\" data-element_type=\"widget\" data-e-type=\"widget\" data-settings=\"{&quot;_animation&quot;:&quot;fadeInUp&quot;,&quot;title_custom_effect&quot;:&quot;none&quot;}\" data-widget_type=\"pxl_heading.default\">\n\t\t\t\t<div class=\"elementor-widget-container\">\n\t\t\t\t\t<div class=\"pxl-heading-wrap d-flex\">\n    <div class=\"pxl-heading-inner\">\n                <h3 class=\"heading-title translation-block\">Need help booking, have a question, or need more information?<br>\nContact us!<\/h3>\n            <\/div>\n<\/div>\n\n\t\t\t\t<\/div>\n\t\t\t\t<\/div>\n\t\t\t\t<div class=\"elementor-element elementor-element-a719651 elementor-invisible pxl-elementor-animate elementor-widget elementor-widget-pxl_text_editor\" data-id=\"a719651\" data-element_type=\"widget\" data-e-type=\"widget\" data-settings=\"{&quot;_animation&quot;:&quot;fadeInUp&quot;}\" data-widget_type=\"pxl_text_editor.default\">\n\t\t\t\t<div class=\"elementor-widget-container\">\n\t\t\t\t\t<div id=\"pxl_text_editor-a719651-4121\" class=\"pxl-text-editor-wrap d-flex\" >\n\t<div class=\"pxl-text-editor elementor-clearfix\">\n\t\t<p>We will answer your questions as soon as possible.<\/p>\t\t\n\t<\/div>\n<\/div>\t\t\t\t<\/div>\n\t\t\t\t<\/div>\n\t\t\t\t<div class=\"elementor-element elementor-element-aecd21e pxl-contact-info-layout-1 elementor-invisible pxl-elementor-animate elementor-widget elementor-widget-pxl_contact_info\" data-id=\"aecd21e\" data-element_type=\"widget\" data-e-type=\"widget\" data-settings=\"{&quot;_animation&quot;:&quot;fadeInUp&quot;}\" data-widget_type=\"pxl_contact_info.default\">\n\t\t\t\t<div class=\"elementor-widget-container\">\n\t\t\t\t\t<div class=\"pxl-ci-wrap layout-1 relative\">\r\n\t<div class=\"ci-content-wrap d-flex align-items-center\">\r\n\t\t            <div class=\"ci-icon\">\r\n                <span aria-hidden=\"true\" class=\"pxl-icon cmli cmli-noun-location\"><\/span>            <\/div>\r\n        \t\t<div class=\"ci-content\">\r\n\t\t\t\t\t\t\t<h4 class=\"ci-title\">Our location<\/h4> \r\n\t\t\t\t\t\t\t\t\t\t<div class=\"ci-desc\">Voore, Mustvee parish 49324 J\u00f5geva county<\/div> \r\n\t\t\t\t\t\t\t\t<\/div>\r\n\t<\/div>\r\n<\/div>\t\t\t\t<\/div>\n\t\t\t\t<\/div>\n\t\t\t\t<div class=\"elementor-element elementor-element-57ee580 pxl-contact-info-layout-1 elementor-invisible pxl-elementor-animate elementor-widget elementor-widget-pxl_contact_info\" data-id=\"57ee580\" data-element_type=\"widget\" data-e-type=\"widget\" data-settings=\"{&quot;_animation&quot;:&quot;fadeInUp&quot;}\" data-widget_type=\"pxl_contact_info.default\">\n\t\t\t\t<div class=\"elementor-widget-container\">\n\t\t\t\t\t<div class=\"pxl-ci-wrap layout-1 relative\">\r\n\t<div class=\"ci-content-wrap d-flex align-items-center\">\r\n\t\t            <div class=\"ci-icon\">\r\n                <span aria-hidden=\"true\" class=\"pxl-icon cmli cmli-noun-bell\"><\/span>            <\/div>\r\n        \t\t<div class=\"ci-content\">\r\n\t\t\t\t\t\t\t<h4 class=\"ci-title\">Contact us<\/h4> \r\n\t\t\t\t\t\t\t\t\t\t<div class=\"ci-desc\">Telefon: <a href=\"tel:5126037\">+372 512 6037<\/a> <br \/>\nEmail: <a href=\"\/en\/info@voorepuhkekeskus.ee\/\">info@voorepuhkekeskus.ee<\/a><\/div> \r\n\t\t\t\t\t\t\t\t<\/div>\r\n\t<\/div>\r\n<\/div>\t\t\t\t<\/div>\n\t\t\t\t<\/div>\n\t\t\t\t<div class=\"elementor-element elementor-element-2e2aecb pxl-contact-info-layout-1 elementor-invisible pxl-elementor-animate elementor-widget elementor-widget-pxl_contact_info\" data-id=\"2e2aecb\" data-element_type=\"widget\" data-e-type=\"widget\" data-settings=\"{&quot;_animation&quot;:&quot;fadeInUp&quot;}\" data-widget_type=\"pxl_contact_info.default\">\n\t\t\t\t<div class=\"elementor-widget-container\">\n\t\t\t\t\t<div class=\"pxl-ci-wrap layout-1 relative\">\r\n\t<div class=\"ci-content-wrap d-flex align-items-center\">\r\n\t\t            <div class=\"ci-icon\">\r\n                <span aria-hidden=\"true\" class=\"pxl-icon cmli cmli-noun-talk\"><\/span>            <\/div>\r\n        \t\t<div class=\"ci-content\">\r\n\t\t\t\t\t\t\t<h4 class=\"ci-title\">Social Media<\/h4> \r\n\t\t\t\t\t\t\t\t\t\t<div class=\"ci-desc\">Keep an eye on our activities through social media.<\/div> \r\n\t\t\t\t\t\t\t\t\t\t<div class=\"ci-social d-flex margin gx-12\">\r\n\t\t\t\t<a aria-hidden=\"true\" class=\"social-item pxl-icon fab fa-facebook-f\" href=\"https:\/\/www.facebook.com\/p\/Voore-Puhkekeskus-100063574511243\/?locale=et_EE\"><\/a><a aria-hidden=\"true\" class=\"social-item pxl-icon fab fa-instagram\" href=\"https:\/\/www.instagram.com\/voorepuhkekeskus\/\"><\/a><a aria-hidden=\"true\" class=\"social-item pxl-icon fas fa-bold\" href=\"https:\/\/www.booking.com\/hotel\/ee\/voore-guesthouse.et.html\"><\/a><a aria-hidden=\"true\" class=\"social-item pxl-icon cmli cmli-tripadvisor\" href=\"https:\/\/www.tripadvisor.com\/Hotel_Review-g2548721-d2613892-Reviews-Voore_Guesthouse-Voore_Laane_County.html?m=19905\"><\/a>\t\t\t\t<\/div>\r\n\t\t\t\t\t<\/div>\r\n\t<\/div>\r\n<\/div>\t\t\t\t<\/div>\n\t\t\t\t<\/div>\n\t\t\t\t<div class=\"elementor-element elementor-element-44de0ee elementor-align-start elementor-widget elementor-widget-pxl_button\" data-id=\"44de0ee\" data-element_type=\"widget\" data-e-type=\"widget\" data-widget_type=\"pxl_button.default\">\n\t\t\t\t<div class=\"elementor-widget-container\">\n\t\t\t\t\t<div id=\"pxl_button-44de0ee-8232\" class=\"pxl-button-wrapper d-flex-wrap pxl-button-layout1\" >\r\n    <a href=\"https:\/\/voorepuhkekeskus.ee\/wp-content\/uploads\/2026\/03\/Puhkekeskuse_Kaartlegend-scaled.png\" class=\"pxl-btn default icon-ps-right\">\r\n        <span class=\"pxl-button-text\">Puhkekeskuse kaart<\/span>\r\n            <\/a>\r\n<\/div>\t\t\t\t<\/div>\n\t\t\t\t<\/div>\n\t\t                    <\/div>\r\n        <\/div>\r\n        \t\t\t<\/div>\n\t\t<\/section>\n\t\t        <section class=\"elementor-section elementor-top-section elementor-element elementor-element-d1bf9a9 elementor-section-full_width elementor-section-content-middle elementor-section-height-default elementor-section-height-default pxl-section-offset-none pxl-section-static-pos-no pxl-section-overflow-hidden-no pxl-container-margin-auto-no\" data-id=\"d1bf9a9\" data-element_type=\"section\" data-e-type=\"section\">\n\n                \n                <div class=\"elementor-container elementor-column-gap-no\">\n                <div class=\"elementor-column elementor-col-50 elementor-top-column elementor-element elementor-element-2270b45 col-offset-none pxl-column-element-default pxl-column-overflow-hidden-no\" data-id=\"2270b45\" data-element_type=\"column\" data-e-type=\"column\">\r\n        <div class=\"elementor-widget-wrap elementor-element-populated\">\r\n                    \t\t<div class=\"elementor-element elementor-element-5d13386 elementor-widget elementor-widget-pxl_image\" data-id=\"5d13386\" data-element_type=\"widget\" data-e-type=\"widget\" data-widget_type=\"pxl_image.default\">\n\t\t\t\t<div class=\"elementor-widget-container\">\n\t\t\t\t\t<div id=\"pxl_image-5d13386-1349\" class=\"pxl-image-wg default\">\r\n\t\t\t<img fetchpriority=\"high\" decoding=\"async\" width=\"600\" height=\"419\" src=\"https:\/\/voorepuhkekeskus.ee\/wp-content\/uploads\/2025\/04\/leader.jpg\" class=\"attachment-full size-full wp-image-17064\" alt=\"\" \/>\t\t\t<\/div>\r\n\t\t\t\t<\/div>\n\t\t\t\t<\/div>\n\t\t                    <\/div>\r\n        <\/div>\r\n                <div class=\"elementor-column elementor-col-50 elementor-top-column elementor-element elementor-element-1f440ff col-offset-none pxl-column-element-default pxl-column-overflow-hidden-no\" data-id=\"1f440ff\" data-element_type=\"column\" data-e-type=\"column\">\r\n        <div class=\"elementor-widget-wrap elementor-element-populated\">\r\n                    \t\t<div class=\"elementor-element elementor-element-0feb33d elementor-widget-laptop__width-initial elementor-widget elementor-widget-pxl_heading\" data-id=\"0feb33d\" data-element_type=\"widget\" data-e-type=\"widget\" data-settings=\"{&quot;title_custom_effect&quot;:&quot;none&quot;}\" data-widget_type=\"pxl_heading.default\">\n\t\t\t\t<div class=\"elementor-widget-container\">\n\t\t\t\t\t<div class=\"pxl-heading-wrap d-flex\">\n    <div class=\"pxl-heading-inner\">\n                <h3 class=\"heading-title\">\n                                    How to get to Voore Event Centre?                     <\/h3>\n            <\/div>\n<\/div>\n\n\t\t\t\t<\/div>\n\t\t\t\t<\/div>\n\t\t\t\t<div class=\"elementor-element elementor-element-436865b elementor-widget-laptop__width-initial elementor-widget elementor-widget-pxl_text_editor\" data-id=\"436865b\" data-element_type=\"widget\" data-e-type=\"widget\" data-widget_type=\"pxl_text_editor.default\">\n\t\t\t\t<div class=\"elementor-widget-container\">\n\t\t\t\t\t<div id=\"pxl_text_editor-436865b-1259\" class=\"pxl-text-editor-wrap d-flex\" >\n\t<div class=\"pxl-text-editor elementor-clearfix\">\n\t\t<p class=\"translation-block\"><strong>FROM TARTU<\/strong><br>Follow Narva Highway for 36 kilometers until you see the sign \u201cVoore K\u00fclalistemaja\u201d 6 km, which points to the left of the highway. Drive without deviating from the road, over the bridge and you will see a sign \u201cVoore K\u00fclalistemaja\u201d 0.6 km. There, you made it!<\/p><p class=\"translation-block\"><strong>FROM TALLINN<\/strong><br>\nAfter driving towards Tartu approx. 130 km, turn left at the P\u00f5ltsamaa crossroads towards J\u00f5geva. The road straight ahead for approx. 25 km leads to Piibe highway, turn right towards Tartu, the place name is \u00d5una. After 1 km turn left towards Mustvee. Straight ahead 4.5 km and right towards Kuremaa\/Palamuse. Straight ahead 6.7 km, the road ends there, turn left towards Kuremaa, straight ahead 7.5 km, until the sign Voore 8.5 km leads to the left and you have made it!<\/p><p class=\"translation-block\"><strong>FROM NARVA<br><\/strong> After you have driven throught the town of Mustvee for 16 km, the sign shows Voore 6 km.<\/p>\t\t\n\t<\/div>\n<\/div>\t\t\t\t<\/div>\n\t\t\t\t<\/div>\n\t\t                    <\/div>\r\n        <\/div>\r\n        \t\t\t<\/div>\n\t\t<\/section>\n\t\t\t\t<\/div>","protected":false},"excerpt":{"rendered":"<p>Vajad abi broneerimisel, tekkis m\u00f5ni k\u00fcsimus v\u00f5i vajad rohkem infot? Kontakteeru meiega! Vastame teie k\u00fcsimustele esimesel v\u00f5imalusel. Meie asukoht Voore, Mustvee vald 49324 J\u00f5gevamaa Kontakt Telefon: +372 512 6037 Email: info@voorepuhkekeskus.ee Sotsiaalmeedia Hoia meie tegevustel silma peal l\u00e4bi sotsiaalmeedia. Puhkekeskuse kaart Kuidas tulla Voore Puhkekeskusesse? TARTUSTNarva maanteed pidi 36 kilomeetrit, kuni n\u00e4ed silti \u201eVoore k\u00fclalistemaja\u201c [&hellip;]<\/p>\n","protected":false},"author":2,"featured_media":0,"parent":0,"menu_order":0,"comment_status":"closed","ping_status":"closed","template":"","meta":{"footnotes":""},"class_list":["post-243","page","type-page","status-publish","hentry"],"_links":{"self":[{"href":"https:\/\/voorepuhkekeskus.ee\/en\/wp-json\/wp\/v2\/pages\/243","targetHints":{"allow":["GET"]}}],"collection":[{"href":"https:\/\/voorepuhkekeskus.ee\/en\/wp-json\/wp\/v2\/pages"}],"about":[{"href":"https:\/\/voorepuhkekeskus.ee\/en\/wp-json\/wp\/v2\/types\/page"}],"author":[{"embeddable":true,"href":"https:\/\/voorepuhkekeskus.ee\/en\/wp-json\/wp\/v2\/users\/2"}],"replies":[{"embeddable":true,"href":"https:\/\/voorepuhkekeskus.ee\/en\/wp-json\/wp\/v2\/comments?post=243"}],"version-history":[{"count":23,"href":"https:\/\/voorepuhkekeskus.ee\/en\/wp-json\/wp\/v2\/pages\/243\/revisions"}],"predecessor-version":[{"id":19811,"href":"https:\/\/voorepuhkekeskus.ee\/en\/wp-json\/wp\/v2\/pages\/243\/revisions\/19811"}],"wp:attachment":[{"href":"https:\/\/voorepuhkekeskus.ee\/en\/wp-json\/wp\/v2\/media?parent=243"}],"curies":[{"name":"wp","href":"https:\/\/api.w.org\/{rel}","templated":true}]}}